{"id":105,"date":"2021-06-21T10:52:06","date_gmt":"2021-06-21T08:52:06","guid":{"rendered":"https:\/\/architecturestudio.fr\/?page_id=105"},"modified":"2026-04-14T11:05:09","modified_gmt":"2026-04-14T09:05:09","slug":"page-daccueil","status":"publish","type":"page","link":"https:\/\/architecturestudio.fr\/en\/","title":{"rendered":"Page d&#8217;accueil"},"content":{"rendered":"","protected":false},"excerpt":{"rendered":"","protected":false},"author":1,"featured_media":0,"parent":0,"menu_order":10,"comment_status":"closed","ping_status":"closed","template":"","meta":{"_acf_changed":false,"footnotes":""},"class_list":["post-105","page","type-page","status-publish","hentry"],"acf":[],"yoast_head":"<!-- This site is optimized with the Yoast SEO plugin v27.2 - https:\/\/yoast.com\/product\/yoast-seo-wordpress\/ -->\n<title>Page d&#039;accueil - Architecturestudio<\/title>\n<meta name=\"description\" content=\"Architecturestudio est un collectif d\u2019architectes ouvert multidisciplinaire, multiculturel et engag\u00e9. Nous proposons une conception et une cr\u00e9ation collectives autour d\u2019ouvrages et de projets \u00e0 haute valeur socio-environnementale. Notre activit\u00e9, c\u2019est l\u2019architecture n\u00e9cessaire, celle qui fait face \u00e0 la fragilit\u00e9 de notre soci\u00e9t\u00e9 actuelle pour augmenter la valeur d\u2019usage des ouvrages et int\u00e9grer les r\u00e9alisations au sein d\u2019une plan\u00e8te plus durable.\" \/>\n<meta name=\"robots\" content=\"index, follow, max-snippet:-1, max-image-preview:large, max-video-preview:-1\" \/>\n<link rel=\"canonical\" href=\"https:\/\/architecturestudio.fr\/en\/\" \/>\n<meta property=\"og:locale\" content=\"en_US\" \/>\n<meta property=\"og:type\" content=\"article\" \/>\n<meta property=\"og:title\" content=\"Page d&#039;accueil - Architecturestudio\" \/>\n<meta property=\"og:description\" content=\"Architecturestudio est un collectif d\u2019architectes ouvert multidisciplinaire, multiculturel et engag\u00e9. Nous proposons une conception et une cr\u00e9ation collectives autour d\u2019ouvrages et de projets \u00e0 haute valeur socio-environnementale. Notre activit\u00e9, c\u2019est l\u2019architecture n\u00e9cessaire, celle qui fait face \u00e0 la fragilit\u00e9 de notre soci\u00e9t\u00e9 actuelle pour augmenter la valeur d\u2019usage des ouvrages et int\u00e9grer les r\u00e9alisations au sein d\u2019une plan\u00e8te plus durable.\" \/>\n<meta property=\"og:url\" content=\"https:\/\/architecturestudio.fr\/en\/\" \/>\n<meta property=\"og:site_name\" content=\"Architecturestudio\" \/>\n<meta property=\"article:modified_time\" content=\"2026-04-14T09:05:09+00:00\" \/>\n<meta name=\"twitter:card\" content=\"summary_large_image\" \/>\n<script type=\"application\/ld+json\" class=\"yoast-schema-graph\">{\"@context\":\"https:\/\/schema.org\",\"@graph\":[{\"@type\":\"WebPage\",\"@id\":\"https:\/\/architecturestudio.fr\/en\/\",\"url\":\"https:\/\/architecturestudio.fr\/en\/\",\"name\":\"Page d'accueil - Architecturestudio\",\"isPartOf\":{\"@id\":\"https:\/\/architecturestudio.fr\/#website\"},\"datePublished\":\"2021-06-21T08:52:06+00:00\",\"dateModified\":\"2026-04-14T09:05:09+00:00\",\"description\":\"Architecturestudio est un collectif d\u2019architectes ouvert multidisciplinaire, multiculturel et engag\u00e9. Nous proposons une conception et une cr\u00e9ation collectives autour d\u2019ouvrages et de projets \u00e0 haute valeur socio-environnementale. Notre activit\u00e9, c\u2019est l\u2019architecture n\u00e9cessaire, celle qui fait face \u00e0 la fragilit\u00e9 de notre soci\u00e9t\u00e9 actuelle pour augmenter la valeur d\u2019usage des ouvrages et int\u00e9grer les r\u00e9alisations au sein d\u2019une plan\u00e8te plus durable.\",\"breadcrumb\":{\"@id\":\"https:\/\/architecturestudio.fr\/en\/#breadcrumb\"},\"inLanguage\":\"en-US\",\"potentialAction\":[{\"@type\":\"ReadAction\",\"target\":[\"https:\/\/architecturestudio.fr\/en\/\"]}]},{\"@type\":\"BreadcrumbList\",\"@id\":\"https:\/\/architecturestudio.fr\/en\/#breadcrumb\",\"itemListElement\":[{\"@type\":\"ListItem\",\"position\":1,\"name\":\"Accueil\",\"item\":\"https:\/\/architecturestudio.fr\/en\/\"},{\"@type\":\"ListItem\",\"position\":2,\"name\":\"Page d&rsquo;accueil\"}]},{\"@type\":\"WebSite\",\"@id\":\"https:\/\/architecturestudio.fr\/#website\",\"url\":\"https:\/\/architecturestudio.fr\/\",\"name\":\"Architecturestudio\",\"description\":\"Architecturestudio, est une agence internationale d\u2019architecture, d\u2019urbanisme et de design d\u2019int\u00e9rieur cr\u00e9\u00e9e en 1973, implant\u00e9e \u00e0 Paris, Shanghai et Zug[:en]Architecturestudio, is an international practice in architecture, urban planning and interior design, founded in 1973, and with offices in Paris, Shanghai and Zug\",\"potentialAction\":[{\"@type\":\"SearchAction\",\"target\":{\"@type\":\"EntryPoint\",\"urlTemplate\":\"https:\/\/architecturestudio.fr\/?s={search_term_string}\"},\"query-input\":{\"@type\":\"PropertyValueSpecification\",\"valueRequired\":true,\"valueName\":\"search_term_string\"}}],\"inLanguage\":\"en-US\"}]}<\/script>\n<!-- \/ Yoast SEO plugin. -->","yoast_head_json":{"title":"Page d'accueil - Architecturestudio","description":"Architecturestudio est un collectif d\u2019architectes ouvert multidisciplinaire, multiculturel et engag\u00e9. Nous proposons une conception et une cr\u00e9ation collectives autour d\u2019ouvrages et de projets \u00e0 haute valeur socio-environnementale. Notre activit\u00e9, c\u2019est l\u2019architecture n\u00e9cessaire, celle qui fait face \u00e0 la fragilit\u00e9 de notre soci\u00e9t\u00e9 actuelle pour augmenter la valeur d\u2019usage des ouvrages et int\u00e9grer les r\u00e9alisations au sein d\u2019une plan\u00e8te plus durable.","robots":{"index":"index","follow":"follow","max-snippet":"max-snippet:-1","max-image-preview":"max-image-preview:large","max-video-preview":"max-video-preview:-1"},"canonical":"https:\/\/architecturestudio.fr\/en\/","og_locale":"en_US","og_type":"article","og_title":"Page d'accueil - Architecturestudio","og_description":"Architecturestudio est un collectif d\u2019architectes ouvert multidisciplinaire, multiculturel et engag\u00e9. Nous proposons une conception et une cr\u00e9ation collectives autour d\u2019ouvrages et de projets \u00e0 haute valeur socio-environnementale. Notre activit\u00e9, c\u2019est l\u2019architecture n\u00e9cessaire, celle qui fait face \u00e0 la fragilit\u00e9 de notre soci\u00e9t\u00e9 actuelle pour augmenter la valeur d\u2019usage des ouvrages et int\u00e9grer les r\u00e9alisations au sein d\u2019une plan\u00e8te plus durable.","og_url":"https:\/\/architecturestudio.fr\/en\/","og_site_name":"Architecturestudio","article_modified_time":"2026-04-14T09:05:09+00:00","twitter_card":"summary_large_image","schema":{"@context":"https:\/\/schema.org","@graph":[{"@type":"WebPage","@id":"https:\/\/architecturestudio.fr\/en\/","url":"https:\/\/architecturestudio.fr\/en\/","name":"Page d'accueil - Architecturestudio","isPartOf":{"@id":"https:\/\/architecturestudio.fr\/#website"},"datePublished":"2021-06-21T08:52:06+00:00","dateModified":"2026-04-14T09:05:09+00:00","description":"Architecturestudio est un collectif d\u2019architectes ouvert multidisciplinaire, multiculturel et engag\u00e9. Nous proposons une conception et une cr\u00e9ation collectives autour d\u2019ouvrages et de projets \u00e0 haute valeur socio-environnementale. Notre activit\u00e9, c\u2019est l\u2019architecture n\u00e9cessaire, celle qui fait face \u00e0 la fragilit\u00e9 de notre soci\u00e9t\u00e9 actuelle pour augmenter la valeur d\u2019usage des ouvrages et int\u00e9grer les r\u00e9alisations au sein d\u2019une plan\u00e8te plus durable.","breadcrumb":{"@id":"https:\/\/architecturestudio.fr\/en\/#breadcrumb"},"inLanguage":"en-US","potentialAction":[{"@type":"ReadAction","target":["https:\/\/architecturestudio.fr\/en\/"]}]},{"@type":"BreadcrumbList","@id":"https:\/\/architecturestudio.fr\/en\/#breadcrumb","itemListElement":[{"@type":"ListItem","position":1,"name":"Accueil","item":"https:\/\/architecturestudio.fr\/en\/"},{"@type":"ListItem","position":2,"name":"Page d&rsquo;accueil"}]},{"@type":"WebSite","@id":"https:\/\/architecturestudio.fr\/#website","url":"https:\/\/architecturestudio.fr\/","name":"Architecturestudio","description":"Architecturestudio, est une agence internationale d\u2019architecture, d\u2019urbanisme et de design d\u2019int\u00e9rieur cr\u00e9\u00e9e en 1973, implant\u00e9e \u00e0 Paris, Shanghai et Zug[:en]Architecturestudio, is an international practice in architecture, urban planning and interior design, founded in 1973, and with offices in Paris, Shanghai and Zug","potentialAction":[{"@type":"SearchAction","target":{"@type":"EntryPoint","urlTemplate":"https:\/\/architecturestudio.fr\/?s={search_term_string}"},"query-input":{"@type":"PropertyValueSpecification","valueRequired":true,"valueName":"search_term_string"}}],"inLanguage":"en-US"}]}},"_links":{"self":[{"href":"https:\/\/architecturestudio.fr\/en\/wp-json\/wp\/v2\/pages\/105","targetHints":{"allow":["GET"]}}],"collection":[{"href":"https:\/\/architecturestudio.fr\/en\/wp-json\/wp\/v2\/pages"}],"about":[{"href":"https:\/\/architecturestudio.fr\/en\/wp-json\/wp\/v2\/types\/page"}],"author":[{"embeddable":true,"href":"https:\/\/architecturestudio.fr\/en\/wp-json\/wp\/v2\/users\/1"}],"replies":[{"embeddable":true,"href":"https:\/\/architecturestudio.fr\/en\/wp-json\/wp\/v2\/comments?post=105"}],"version-history":[{"count":18,"href":"https:\/\/architecturestudio.fr\/en\/wp-json\/wp\/v2\/pages\/105\/revisions"}],"predecessor-version":[{"id":15458,"href":"https:\/\/architecturestudio.fr\/en\/wp-json\/wp\/v2\/pages\/105\/revisions\/15458"}],"wp:attachment":[{"href":"https:\/\/architecturestudio.fr\/en\/wp-json\/wp\/v2\/media?parent=105"}],"curies":[{"name":"wp","href":"https:\/\/api.w.org\/{rel}","templated":true}]}}