{"id":7316,"date":"2021-07-26T14:59:53","date_gmt":"2021-07-26T12:59:53","guid":{"rendered":"http:\/\/architecturestudio.fr\/brouillon-auto-2\/"},"modified":"2021-10-22T16:12:05","modified_gmt":"2021-10-22T14:12:05","slug":"credits-en","status":"publish","type":"page","link":"https:\/\/architecturestudio.fr\/en\/credits-en\/","title":{"rendered":"Credits"},"content":{"rendered":"<ul>\n<li>CHU de la Guadeloupe \u2013 Photographe Citron MER<\/li>\n<li>Th\u00e9\u00e2tre Le Quai Angers &#8211; Photographe Luc Boegly<\/li>\n<li>Tour Amman Rotana &#8211; Photographe Ayman Alajhras<\/li>\n<li>Tours Abdali Gate : Campbell Gray Hotel + Bureaux Damac &#8211; Photographe Antoine Duhamel<\/li>\n<li>Centre Culturel Onassis &#8211; Photographe Nikos Danilidis<\/li>\n<li>Si\u00e8ge social de la Caisse d&#8217;Epargne Aquitaine Poitou-Charentes &#8211; Photographe Antoine Duhamel<\/li>\n<li>Th\u00e9\u00e2tre national du Bahre\u00efn &#8211; Photographe Nicolas Buisson<\/li>\n<li>Centre d&#8217;affaires La City &#8211; Photographe Patrick Tourneboeuf<\/li>\n<li>B\u00e2timent universitaire sur le campus de l&#8217;ESTP &#8211; Photographe Antoine Duhamel<\/li>\n<li>Cit\u00e9 des Sciences et Techniques &#8211; Photographe Shu He Architectural Photography Studio<\/li>\n<li>Ecole Sup\u00e9rieure d&#8217;Art &#8211; Photographe Georges Fessy<\/li>\n<li>Pavillons de &#8220;Exposition Idyllique&#8221; \u2013 Photographie architecturestudio<\/li>\n<li>H\u00f4tel Radisson Blue &#8211; Photographie architecturestudio<\/li>\n<li>L&#8217;universit\u00e9 de la Citadelle &#8211; Photographie architecturestudio<\/li>\n<li>Si\u00e8ge Social d\u2019Ahmad Seddiqi &amp; Sons &#8211; Photographe Yann Deret<\/li>\n<li>Form Hotel &#8211; Photographe Parlour<\/li>\n<li>Si\u00e8ge social de Picard \u2013 Perspectiviste Mvize<\/li>\n<li>Campus de l&#8217;INSEAD \u2013 Perspectiviste LMNB<\/li>\n<li>Belv\u00e9d\u00e8re et Villa n\u00b01 du Fort Num\u00e9rique &#8211; Photographe Antoine Duhamel<\/li>\n<li>Centre culturel de Jinan &#8211; Photographie Olivier Marceny<\/li>\n<li>Projet Olis &#8211; Photographe Antoine Duhamel<\/li>\n<li>O&#8217;ZONE &#8211; Photographe Benoit Wehrle<\/li>\n<li>Park Avenue &#8211; Photographe Benoit Wehrle<\/li>\n<li>Nouvelle ligne &#8211; Photographe Benoit Wehrle<\/li>\n<li>DoraMar &#8211; Photographe Antoine Duhamel<\/li>\n<li>Folie Richter \u2013 Perspectiviste Anska<\/li>\n<li>Conservatoire \u00e0 rayonnement r\u00e9gional de Montpellier \u2013 Perspectiviste Golem<\/li>\n<li>Coll\u00e8ge Guy Dolmaire \u2013 Photographe Christophe Bourgeois<\/li>\n<li>Immeubles de logements \u2013 Perspectiviste OTA<\/li>\n<li>Immeuble de logements rue du Ch\u00e2teau-des-Rentiers \u2013 Photographe St\u00e9phane Couturier<\/li>\n<li>Campus Universitaire de Jussieu &#8211; Secteur Est &#8211; Photographe Antoine Duhamel<\/li>\n<li>Restructuration du 38, avenue Kl\u00e9ber &#8211; Photographe Antoine Duhamel<\/li>\n<li>Ecole sup\u00e9rieure de commerce Novancia &#8211; Photographe Georges Fessy<\/li>\n<li>Grand Auditorium de la Maison de la Radio \u2013 Photographe Gaston Bergeret<\/li>\n<li>Restructuration de la Maison de la Radio \u2013 Photographe Luc Boegly<\/li>\n<li>Agrandissement du si\u00e8ge AXA Private Equity &#8211; Photographe Patrick Tourneboeuf<\/li>\n<li>Si\u00e8ge Social du Groupe Wison Chemical &#8211; Photographe Olivier Marceny<\/li>\n<li>La Grande Passerelle M\u00e9diath\u00e8que et cin\u00e9ma d&#8217;art et d&#8217;essai &#8211; Photographe Fr\u00e9d\u00e9ric Baron<\/li>\n<li>Si\u00e8ge social du Groupe Casino &#8211; Photographe Olivier Nord<\/li>\n<li>Cit\u00e9 scolaire Honor\u00e9 d&#8217;Urf\u00e9 &#8211; Photographe Antoine Duhamel<\/li>\n<li>Parlement Europ\u00e9en \u2013 Photographe George Fessy<\/li>\n<li>Technop\u00f4le de la mer \u2013 Photographe Lisa Ricciotti<\/li>\n<li>Bureaux Pergamin &#8211; Photographe Antoine Duhamel<\/li>\n<\/ul>\n","protected":false},"excerpt":{"rendered":"<p>CHU de la Guadeloupe \u2013 Photographe Citron MER Th\u00e9\u00e2tre Le Quai Angers &#8211; Photographe Luc Boegly Tour Amman Rotana &#8211; Photographe Ayman Alajhras Tours Abdali Gate : Campbell Gray Hotel + Bureaux Damac &#8211; Photographe Antoine Duhamel Centre Culturel Onassis &#8211; Photographe Nikos Danilidis Si\u00e8ge social de la Caisse d&#8217;Epargne Aquitaine Poitou-Charentes &#8211; Photographe Antoine [&hellip;]<\/p>\n","protected":false},"author":1,"featured_media":0,"parent":0,"menu_order":4,"comment_status":"closed","ping_status":"closed","template":"","meta":{"_acf_changed":false,"footnotes":""},"class_list":["post-7316","page","type-page","status-publish","hentry"],"acf":[],"yoast_head":"<!-- This site is optimized with the Yoast SEO plugin v27.2 - https:\/\/yoast.com\/product\/yoast-seo-wordpress\/ -->\n<title>Credits - Architecturestudio<\/title>\n<meta name=\"robots\" content=\"index, follow, max-snippet:-1, max-image-preview:large, max-video-preview:-1\" \/>\n<link rel=\"canonical\" href=\"https:\/\/architecturestudio.fr\/en\/credits-en\/\" \/>\n<meta property=\"og:locale\" content=\"en_US\" \/>\n<meta property=\"og:type\" content=\"article\" \/>\n<meta property=\"og:title\" content=\"Credits - Architecturestudio\" \/>\n<meta property=\"og:description\" content=\"CHU de la Guadeloupe \u2013 Photographe Citron MER Th\u00e9\u00e2tre Le Quai Angers &#8211; Photographe Luc Boegly Tour Amman Rotana &#8211; Photographe Ayman Alajhras Tours Abdali Gate : Campbell Gray Hotel + Bureaux Damac &#8211; Photographe Antoine Duhamel Centre Culturel Onassis &#8211; Photographe Nikos Danilidis Si\u00e8ge social de la Caisse d&#8217;Epargne Aquitaine Poitou-Charentes &#8211; Photographe Antoine [&hellip;]\" \/>\n<meta property=\"og:url\" content=\"https:\/\/architecturestudio.fr\/en\/credits-en\/\" \/>\n<meta property=\"og:site_name\" content=\"Architecturestudio\" \/>\n<meta property=\"article:modified_time\" content=\"2021-10-22T14:12:05+00:00\" \/>\n<meta name=\"twitter:card\" content=\"summary_large_image\" \/>\n<meta name=\"twitter:label1\" content=\"Est. reading time\" \/>\n\t<meta name=\"twitter:data1\" content=\"2 minutes\" \/>\n<script type=\"application\/ld+json\" class=\"yoast-schema-graph\">{\"@context\":\"https:\/\/schema.org\",\"@graph\":[{\"@type\":\"WebPage\",\"@id\":\"https:\/\/architecturestudio.fr\/en\/credits-en\/\",\"url\":\"https:\/\/architecturestudio.fr\/en\/credits-en\/\",\"name\":\"Credits - Architecturestudio\",\"isPartOf\":{\"@id\":\"https:\/\/architecturestudio.fr\/#website\"},\"datePublished\":\"2021-07-26T12:59:53+00:00\",\"dateModified\":\"2021-10-22T14:12:05+00:00\",\"breadcrumb\":{\"@id\":\"https:\/\/architecturestudio.fr\/en\/credits-en\/#breadcrumb\"},\"inLanguage\":\"en-US\",\"potentialAction\":[{\"@type\":\"ReadAction\",\"target\":[\"https:\/\/architecturestudio.fr\/en\/credits-en\/\"]}]},{\"@type\":\"BreadcrumbList\",\"@id\":\"https:\/\/architecturestudio.fr\/en\/credits-en\/#breadcrumb\",\"itemListElement\":[{\"@type\":\"ListItem\",\"position\":1,\"name\":\"Accueil\",\"item\":\"https:\/\/architecturestudio.fr\/en\/\"},{\"@type\":\"ListItem\",\"position\":2,\"name\":\"Credits\"}]},{\"@type\":\"WebSite\",\"@id\":\"https:\/\/architecturestudio.fr\/#website\",\"url\":\"https:\/\/architecturestudio.fr\/\",\"name\":\"Architecturestudio\",\"description\":\"Architecturestudio, est une agence internationale d\u2019architecture, d\u2019urbanisme et de design d\u2019int\u00e9rieur cr\u00e9\u00e9e en 1973, implant\u00e9e \u00e0 Paris, Shanghai et Zug[:en]Architecturestudio, is an international practice in architecture, urban planning and interior design, founded in 1973, and with offices in Paris, Shanghai and Zug\",\"potentialAction\":[{\"@type\":\"SearchAction\",\"target\":{\"@type\":\"EntryPoint\",\"urlTemplate\":\"https:\/\/architecturestudio.fr\/?s={search_term_string}\"},\"query-input\":{\"@type\":\"PropertyValueSpecification\",\"valueRequired\":true,\"valueName\":\"search_term_string\"}}],\"inLanguage\":\"en-US\"}]}<\/script>\n<!-- \/ Yoast SEO plugin. -->","yoast_head_json":{"title":"Credits - Architecturestudio","robots":{"index":"index","follow":"follow","max-snippet":"max-snippet:-1","max-image-preview":"max-image-preview:large","max-video-preview":"max-video-preview:-1"},"canonical":"https:\/\/architecturestudio.fr\/en\/credits-en\/","og_locale":"en_US","og_type":"article","og_title":"Credits - Architecturestudio","og_description":"CHU de la Guadeloupe \u2013 Photographe Citron MER Th\u00e9\u00e2tre Le Quai Angers &#8211; Photographe Luc Boegly Tour Amman Rotana &#8211; Photographe Ayman Alajhras Tours Abdali Gate : Campbell Gray Hotel + Bureaux Damac &#8211; Photographe Antoine Duhamel Centre Culturel Onassis &#8211; Photographe Nikos Danilidis Si\u00e8ge social de la Caisse d&#8217;Epargne Aquitaine Poitou-Charentes &#8211; Photographe Antoine [&hellip;]","og_url":"https:\/\/architecturestudio.fr\/en\/credits-en\/","og_site_name":"Architecturestudio","article_modified_time":"2021-10-22T14:12:05+00:00","twitter_card":"summary_large_image","twitter_misc":{"Est. reading time":"2 minutes"},"schema":{"@context":"https:\/\/schema.org","@graph":[{"@type":"WebPage","@id":"https:\/\/architecturestudio.fr\/en\/credits-en\/","url":"https:\/\/architecturestudio.fr\/en\/credits-en\/","name":"Credits - Architecturestudio","isPartOf":{"@id":"https:\/\/architecturestudio.fr\/#website"},"datePublished":"2021-07-26T12:59:53+00:00","dateModified":"2021-10-22T14:12:05+00:00","breadcrumb":{"@id":"https:\/\/architecturestudio.fr\/en\/credits-en\/#breadcrumb"},"inLanguage":"en-US","potentialAction":[{"@type":"ReadAction","target":["https:\/\/architecturestudio.fr\/en\/credits-en\/"]}]},{"@type":"BreadcrumbList","@id":"https:\/\/architecturestudio.fr\/en\/credits-en\/#breadcrumb","itemListElement":[{"@type":"ListItem","position":1,"name":"Accueil","item":"https:\/\/architecturestudio.fr\/en\/"},{"@type":"ListItem","position":2,"name":"Credits"}]},{"@type":"WebSite","@id":"https:\/\/architecturestudio.fr\/#website","url":"https:\/\/architecturestudio.fr\/","name":"Architecturestudio","description":"Architecturestudio, est une agence internationale d\u2019architecture, d\u2019urbanisme et de design d\u2019int\u00e9rieur cr\u00e9\u00e9e en 1973, implant\u00e9e \u00e0 Paris, Shanghai et Zug[:en]Architecturestudio, is an international practice in architecture, urban planning and interior design, founded in 1973, and with offices in Paris, Shanghai and Zug","potentialAction":[{"@type":"SearchAction","target":{"@type":"EntryPoint","urlTemplate":"https:\/\/architecturestudio.fr\/?s={search_term_string}"},"query-input":{"@type":"PropertyValueSpecification","valueRequired":true,"valueName":"search_term_string"}}],"inLanguage":"en-US"}]}},"_links":{"self":[{"href":"https:\/\/architecturestudio.fr\/en\/wp-json\/wp\/v2\/pages\/7316","targetHints":{"allow":["GET"]}}],"collection":[{"href":"https:\/\/architecturestudio.fr\/en\/wp-json\/wp\/v2\/pages"}],"about":[{"href":"https:\/\/architecturestudio.fr\/en\/wp-json\/wp\/v2\/types\/page"}],"author":[{"embeddable":true,"href":"https:\/\/architecturestudio.fr\/en\/wp-json\/wp\/v2\/users\/1"}],"replies":[{"embeddable":true,"href":"https:\/\/architecturestudio.fr\/en\/wp-json\/wp\/v2\/comments?post=7316"}],"version-history":[{"count":0,"href":"https:\/\/architecturestudio.fr\/en\/wp-json\/wp\/v2\/pages\/7316\/revisions"}],"wp:attachment":[{"href":"https:\/\/architecturestudio.fr\/en\/wp-json\/wp\/v2\/media?parent=7316"}],"curies":[{"name":"wp","href":"https:\/\/api.w.org\/{rel}","templated":true}]}}