{"id":7341,"date":"2021-06-17T10:16:11","date_gmt":"2021-06-17T08:16:11","guid":{"rendered":"http:\/\/architecturestudio.fr\/studio\/"},"modified":"2025-09-30T17:59:47","modified_gmt":"2025-09-30T15:59:47","slug":"studio","status":"publish","type":"page","link":"https:\/\/architecturestudio.fr\/en\/studio\/","title":{"rendered":"Studio"},"content":{"rendered":"","protected":false},"excerpt":{"rendered":"","protected":false},"author":1,"featured_media":0,"parent":0,"menu_order":13,"comment_status":"closed","ping_status":"closed","template":"page-studio.php","meta":{"_acf_changed":false,"footnotes":""},"class_list":["post-7341","page","type-page","status-publish","hentry"],"acf":[],"yoast_head":"<!-- This site is optimized with the Yoast SEO plugin v27.2 - https:\/\/yoast.com\/product\/yoast-seo-wordpress\/ -->\n<title>Studio - Architecturestudio<\/title>\n<meta name=\"robots\" content=\"index, follow, max-snippet:-1, max-image-preview:large, max-video-preview:-1\" \/>\n<link rel=\"canonical\" href=\"https:\/\/architecturestudio.fr\/en\/studio\/\" \/>\n<meta property=\"og:locale\" content=\"en_US\" \/>\n<meta property=\"og:type\" content=\"article\" \/>\n<meta property=\"og:title\" content=\"Studio - Architecturestudio\" \/>\n<meta property=\"og:url\" content=\"https:\/\/architecturestudio.fr\/en\/studio\/\" \/>\n<meta property=\"og:site_name\" content=\"Architecturestudio\" \/>\n<meta property=\"article:modified_time\" content=\"2025-09-30T15:59:47+00:00\" \/>\n<meta name=\"twitter:card\" content=\"summary_large_image\" \/>\n<meta name=\"twitter:label1\" content=\"Est. reading time\" \/>\n\t<meta name=\"twitter:data1\" content=\"38 minutes\" \/>\n<script type=\"application\/ld+json\" class=\"yoast-schema-graph\">{\"@context\":\"https:\/\/schema.org\",\"@graph\":[{\"@type\":\"WebPage\",\"@id\":\"https:\/\/architecturestudio.fr\/en\/studio\/\",\"url\":\"https:\/\/architecturestudio.fr\/en\/studio\/\",\"name\":\"Studio - Architecturestudio\",\"isPartOf\":{\"@id\":\"https:\/\/architecturestudio.fr\/#website\"},\"datePublished\":\"2021-06-17T08:16:11+00:00\",\"dateModified\":\"2025-09-30T15:59:47+00:00\",\"breadcrumb\":{\"@id\":\"https:\/\/architecturestudio.fr\/en\/studio\/#breadcrumb\"},\"inLanguage\":\"en-US\",\"potentialAction\":[{\"@type\":\"ReadAction\",\"target\":[\"https:\/\/architecturestudio.fr\/en\/studio\/\"]}]},{\"@type\":\"BreadcrumbList\",\"@id\":\"https:\/\/architecturestudio.fr\/en\/studio\/#breadcrumb\",\"itemListElement\":[{\"@type\":\"ListItem\",\"position\":1,\"name\":\"Accueil\",\"item\":\"https:\/\/architecturestudio.fr\/en\/\"},{\"@type\":\"ListItem\",\"position\":2,\"name\":\"Studio\"}]},{\"@type\":\"WebSite\",\"@id\":\"https:\/\/architecturestudio.fr\/#website\",\"url\":\"https:\/\/architecturestudio.fr\/\",\"name\":\"Architecturestudio\",\"description\":\"Architecturestudio, est une agence internationale d\u2019architecture, d\u2019urbanisme et de design d\u2019int\u00e9rieur cr\u00e9\u00e9e en 1973, implant\u00e9e \u00e0 Paris, Shanghai et Zug[:en]Architecturestudio, is an international practice in architecture, urban planning and interior design, founded in 1973, and with offices in Paris, Shanghai and Zug\",\"potentialAction\":[{\"@type\":\"SearchAction\",\"target\":{\"@type\":\"EntryPoint\",\"urlTemplate\":\"https:\/\/architecturestudio.fr\/?s={search_term_string}\"},\"query-input\":{\"@type\":\"PropertyValueSpecification\",\"valueRequired\":true,\"valueName\":\"search_term_string\"}}],\"inLanguage\":\"en-US\"}]}<\/script>\n<!-- \/ Yoast SEO plugin. -->","yoast_head_json":{"title":"Studio - Architecturestudio","robots":{"index":"index","follow":"follow","max-snippet":"max-snippet:-1","max-image-preview":"max-image-preview:large","max-video-preview":"max-video-preview:-1"},"canonical":"https:\/\/architecturestudio.fr\/en\/studio\/","og_locale":"en_US","og_type":"article","og_title":"Studio - Architecturestudio","og_url":"https:\/\/architecturestudio.fr\/en\/studio\/","og_site_name":"Architecturestudio","article_modified_time":"2025-09-30T15:59:47+00:00","twitter_card":"summary_large_image","twitter_misc":{"Est. reading time":"38 minutes"},"schema":{"@context":"https:\/\/schema.org","@graph":[{"@type":"WebPage","@id":"https:\/\/architecturestudio.fr\/en\/studio\/","url":"https:\/\/architecturestudio.fr\/en\/studio\/","name":"Studio - Architecturestudio","isPartOf":{"@id":"https:\/\/architecturestudio.fr\/#website"},"datePublished":"2021-06-17T08:16:11+00:00","dateModified":"2025-09-30T15:59:47+00:00","breadcrumb":{"@id":"https:\/\/architecturestudio.fr\/en\/studio\/#breadcrumb"},"inLanguage":"en-US","potentialAction":[{"@type":"ReadAction","target":["https:\/\/architecturestudio.fr\/en\/studio\/"]}]},{"@type":"BreadcrumbList","@id":"https:\/\/architecturestudio.fr\/en\/studio\/#breadcrumb","itemListElement":[{"@type":"ListItem","position":1,"name":"Accueil","item":"https:\/\/architecturestudio.fr\/en\/"},{"@type":"ListItem","position":2,"name":"Studio"}]},{"@type":"WebSite","@id":"https:\/\/architecturestudio.fr\/#website","url":"https:\/\/architecturestudio.fr\/","name":"Architecturestudio","description":"Architecturestudio, est une agence internationale d\u2019architecture, d\u2019urbanisme et de design d\u2019int\u00e9rieur cr\u00e9\u00e9e en 1973, implant\u00e9e \u00e0 Paris, Shanghai et Zug[:en]Architecturestudio, is an international practice in architecture, urban planning and interior design, founded in 1973, and with offices in Paris, Shanghai and Zug","potentialAction":[{"@type":"SearchAction","target":{"@type":"EntryPoint","urlTemplate":"https:\/\/architecturestudio.fr\/?s={search_term_string}"},"query-input":{"@type":"PropertyValueSpecification","valueRequired":true,"valueName":"search_term_string"}}],"inLanguage":"en-US"}]}},"_links":{"self":[{"href":"https:\/\/architecturestudio.fr\/en\/wp-json\/wp\/v2\/pages\/7341","targetHints":{"allow":["GET"]}}],"collection":[{"href":"https:\/\/architecturestudio.fr\/en\/wp-json\/wp\/v2\/pages"}],"about":[{"href":"https:\/\/architecturestudio.fr\/en\/wp-json\/wp\/v2\/types\/page"}],"author":[{"embeddable":true,"href":"https:\/\/architecturestudio.fr\/en\/wp-json\/wp\/v2\/users\/1"}],"replies":[{"embeddable":true,"href":"https:\/\/architecturestudio.fr\/en\/wp-json\/wp\/v2\/comments?post=7341"}],"version-history":[{"count":5,"href":"https:\/\/architecturestudio.fr\/en\/wp-json\/wp\/v2\/pages\/7341\/revisions"}],"predecessor-version":[{"id":14839,"href":"https:\/\/architecturestudio.fr\/en\/wp-json\/wp\/v2\/pages\/7341\/revisions\/14839"}],"wp:attachment":[{"href":"https:\/\/architecturestudio.fr\/en\/wp-json\/wp\/v2\/media?parent=7341"}],"curies":[{"name":"wp","href":"https:\/\/api.w.org\/{rel}","templated":true}]}}