{"id":8003,"date":"2021-07-26T14:59:15","date_gmt":"2021-07-26T12:59:15","guid":{"rendered":"http:\/\/architecturestudio.fr\/brouillon-auto\/"},"modified":"2025-02-18T16:41:31","modified_gmt":"2025-02-18T15:41:31","slug":"legal-notice","status":"publish","type":"page","link":"https:\/\/architecturestudio.fr\/en\/legal-notice\/","title":{"rendered":"Legal Notice"},"content":{"rendered":"<h2>Mentions l\u00e9gales<\/h2>\n<p>Le pr\u00e9sent site est \u00e9dit\u00e9 par la soci\u00e9t\u00e9 ARCHITECTURE STUDIO, SAS d\u2019architecture au capital de 865.900 \u20ac, domicili\u00e9e au 10 rue LACUEE 75012 PARIS et dont le num\u00e9ro de t\u00e9l\u00e9phone est le 01.43.45.18.00 et l\u2019adresse de courrier \u00e9lectronique est <a href=\"as@architecturestudio.fr\">as@architecturestudio.fr.<\/a><\/p>\n<p>La soci\u00e9t\u00e9 ARCHITECTURE STUDIO est inscrite \u00e0 l\u2019Ordre des Architectes (France) sous le n\u00b0 d\u2019ordre S01006. Elle exerce une activit\u00e9 d\u2019Architecte conform\u00e9ment aux r\u00e8gles r\u00e9gissant cette profession et notamment conform\u00e9ment au \u00ab code de d\u00e9ontologie des architectes \u00bb.<\/p>\n<p>Le contenu et la pr\u00e9sentation du pr\u00e9sent site constituent une \u0153uvre prot\u00e9g\u00e9e par les lois en vigueur sur la propri\u00e9t\u00e9 intellectuelle. De nombreux \u00e9l\u00e9ments de ce site sont prot\u00e9g\u00e9s par la l\u00e9gislation sur la propri\u00e9t\u00e9 intellectuelle (Photos, perspectives, etc.).<\/p>\n<p>ARCHITECTURE STUDIO ne peut \u00eatre tenue responsable de tout dommage cons\u00e9cutif \u00e0 la consultation du pr\u00e9sent site. ARCHITECTURE STUDIO ne peut \u00eatre tenue responsable de tout dommage cons\u00e9cutif \u00e0 la consultation d\u2019un site ext\u00e9rieur auquel l\u2019utilisateur aurait acc\u00e9d\u00e9 par l\u2019interm\u00e9diaire d\u2019un lien hypertexte existant sur le pr\u00e9sent site.<\/p>\n<p>Les Associ\u00e9s sont les co-auteurs des projets architecturaux conduits par la Soci\u00e9t\u00e9 pendant la p\u00e9riode o\u00f9 ils sont ou ont \u00e9t\u00e9 associ\u00e9s.<\/p>\n<p>Les personnes suivantes sont associ\u00e9es d\u2019ARCHITECTURE STUDIO :<\/p>\n<p>Martin Robain (depuis 1973) ,Rodo Tisnado (depuis 1976), Jean-Fran\u00e7ois Bonne (depuis 1979), Alain Bretagnolle (depuis 1989), Ren\u00e9-Henri Arnaud (depuis 1989), Laurent-Marc Fischer (depuis 1993), Marc Lehmann (depuis 1998), Roue\u00efda Ayache (depuis 2001), Gaspard Joly (depuis ), Marie-Caroline Piot (depuis 2009), Mariano Efr\u00f3n (depuis 2009), Romain Boursier (depuis 2018) et Widson Monteiro (depuis 2018)<\/p>\n<p>Les personnes suivantes ont \u00e9t\u00e9 associ\u00e9es d\u2019ARCHITECTURE STUDIO :<\/p>\n<p>Jean-Fran\u00e7ois Galmiche (de 1974 \u00e0 1998) et Amar Sabeh el Leil (de 2009 \u00e0 2018)<\/p>\n<p>Architecturestudio a obtenu l&#8217;ann\u00e9e derni\u00e8re une note d\u2019index de l\u2019\u00e9galit\u00e9 femmes-hommes de 94\/100 et s\u2019attache \u00e0 am\u00e9liorer au quotidien la parit\u00e9 entre les hommes et les femmes au sein de l\u2019agence.<\/p>\n<h2>Cookies<\/h2>\n<p>Notre site utilise des cookies. Ils sont d\u00e9ploy\u00e9s \u00e0 des fins analytiques afin d\u2019\u00e9tudier la consultation de notre site et l\u2019am\u00e9liorer. Nous obtenons de fa\u00e7on statistique des donn\u00e9es sur l\u2019utilisation de notre site (Dur\u00e9e des consultations, nombre de consultations pour un m\u00eame utilisateur, sexe, age, position g\u00e9ographique, etc .) mais ARCHITECTURE STUDIO n\u2019enregistre pas de donn\u00e9es personnelles des visiteurs de notre site<\/p>\n<p>A l\u2019ouverture de notre site, nous vous informons que la poursuite de la navigation valait autorisation du d\u00e9p\u00f4t des cookies. Vous pouvez d\u00e9sactiver les cookies qui sont d\u00e9pos\u00e9s sur vos ordinateurs en suivant les recommandations que met \u00e0 disposition le navigateur internet que vous employez.<\/p>\n<h2>D\u00e9veloppement<\/h2>\n<p><strong>Aline Binet-Teissonni\u00e8re<\/strong><br \/>\n<a href=\"mailto:aline@alineswebstuff.tech\">aline@alineswebstuff.tech<\/a><br \/>\n06 60 38 23 28<\/p>\n<h2>H\u00e9bergement<\/h2>\n<p>OVH<\/p>\n<h2>Design graphique<\/h2>\n<p>CL Design<br \/>\n113 rue du Mont-Cenis<br \/>\n75018 Paris<\/p>\n","protected":false},"excerpt":{"rendered":"<p>Mentions l\u00e9gales Le pr\u00e9sent site est \u00e9dit\u00e9 par la soci\u00e9t\u00e9 ARCHITECTURE STUDIO, SAS d\u2019architecture au capital de 865.900 \u20ac, domicili\u00e9e au 10 rue LACUEE 75012 PARIS et dont le num\u00e9ro de t\u00e9l\u00e9phone est le 01.43.45.18.00 et l\u2019adresse de courrier \u00e9lectronique est as@architecturestudio.fr. La soci\u00e9t\u00e9 ARCHITECTURE STUDIO est inscrite \u00e0 l\u2019Ordre des Architectes (France) sous le [&hellip;]<\/p>\n","protected":false},"author":1,"featured_media":0,"parent":0,"menu_order":2,"comment_status":"closed","ping_status":"closed","template":"","meta":{"_acf_changed":false,"footnotes":""},"class_list":["post-8003","page","type-page","status-publish","hentry"],"acf":[],"yoast_head":"<!-- This site is optimized with the Yoast SEO plugin v27.2 - https:\/\/yoast.com\/product\/yoast-seo-wordpress\/ -->\n<title>Legal Notice - Architecturestudio<\/title>\n<meta name=\"robots\" content=\"index, follow, max-snippet:-1, max-image-preview:large, max-video-preview:-1\" \/>\n<link rel=\"canonical\" href=\"https:\/\/architecturestudio.fr\/en\/legal-notice\/\" \/>\n<meta property=\"og:locale\" content=\"en_US\" \/>\n<meta property=\"og:type\" content=\"article\" \/>\n<meta property=\"og:title\" content=\"Legal Notice - Architecturestudio\" \/>\n<meta property=\"og:description\" content=\"Mentions l\u00e9gales Le pr\u00e9sent site est \u00e9dit\u00e9 par la soci\u00e9t\u00e9 ARCHITECTURE STUDIO, SAS d\u2019architecture au capital de 865.900 \u20ac, domicili\u00e9e au 10 rue LACUEE 75012 PARIS et dont le num\u00e9ro de t\u00e9l\u00e9phone est le 01.43.45.18.00 et l\u2019adresse de courrier \u00e9lectronique est as@architecturestudio.fr. La soci\u00e9t\u00e9 ARCHITECTURE STUDIO est inscrite \u00e0 l\u2019Ordre des Architectes (France) sous le [&hellip;]\" \/>\n<meta property=\"og:url\" content=\"https:\/\/architecturestudio.fr\/en\/legal-notice\/\" \/>\n<meta property=\"og:site_name\" content=\"Architecturestudio\" \/>\n<meta property=\"article:modified_time\" content=\"2025-02-18T15:41:31+00:00\" \/>\n<meta name=\"twitter:card\" content=\"summary_large_image\" \/>\n<meta name=\"twitter:label1\" content=\"Est. reading time\" \/>\n\t<meta name=\"twitter:data1\" content=\"3 minutes\" \/>\n<script type=\"application\/ld+json\" class=\"yoast-schema-graph\">{\"@context\":\"https:\/\/schema.org\",\"@graph\":[{\"@type\":\"WebPage\",\"@id\":\"https:\/\/architecturestudio.fr\/en\/legal-notice\/\",\"url\":\"https:\/\/architecturestudio.fr\/en\/legal-notice\/\",\"name\":\"Legal Notice - Architecturestudio\",\"isPartOf\":{\"@id\":\"https:\/\/architecturestudio.fr\/#website\"},\"datePublished\":\"2021-07-26T12:59:15+00:00\",\"dateModified\":\"2025-02-18T15:41:31+00:00\",\"breadcrumb\":{\"@id\":\"https:\/\/architecturestudio.fr\/en\/legal-notice\/#breadcrumb\"},\"inLanguage\":\"en-US\",\"potentialAction\":[{\"@type\":\"ReadAction\",\"target\":[\"https:\/\/architecturestudio.fr\/en\/legal-notice\/\"]}]},{\"@type\":\"BreadcrumbList\",\"@id\":\"https:\/\/architecturestudio.fr\/en\/legal-notice\/#breadcrumb\",\"itemListElement\":[{\"@type\":\"ListItem\",\"position\":1,\"name\":\"Accueil\",\"item\":\"https:\/\/architecturestudio.fr\/en\/\"},{\"@type\":\"ListItem\",\"position\":2,\"name\":\"Legal Notice\"}]},{\"@type\":\"WebSite\",\"@id\":\"https:\/\/architecturestudio.fr\/#website\",\"url\":\"https:\/\/architecturestudio.fr\/\",\"name\":\"Architecturestudio\",\"description\":\"Architecturestudio, est une agence internationale d\u2019architecture, d\u2019urbanisme et de design d\u2019int\u00e9rieur cr\u00e9\u00e9e en 1973, implant\u00e9e \u00e0 Paris, Shanghai et Zug[:en]Architecturestudio, is an international practice in architecture, urban planning and interior design, founded in 1973, and with offices in Paris, Shanghai and Zug\",\"potentialAction\":[{\"@type\":\"SearchAction\",\"target\":{\"@type\":\"EntryPoint\",\"urlTemplate\":\"https:\/\/architecturestudio.fr\/?s={search_term_string}\"},\"query-input\":{\"@type\":\"PropertyValueSpecification\",\"valueRequired\":true,\"valueName\":\"search_term_string\"}}],\"inLanguage\":\"en-US\"}]}<\/script>\n<!-- \/ Yoast SEO plugin. -->","yoast_head_json":{"title":"Legal Notice - Architecturestudio","robots":{"index":"index","follow":"follow","max-snippet":"max-snippet:-1","max-image-preview":"max-image-preview:large","max-video-preview":"max-video-preview:-1"},"canonical":"https:\/\/architecturestudio.fr\/en\/legal-notice\/","og_locale":"en_US","og_type":"article","og_title":"Legal Notice - Architecturestudio","og_description":"Mentions l\u00e9gales Le pr\u00e9sent site est \u00e9dit\u00e9 par la soci\u00e9t\u00e9 ARCHITECTURE STUDIO, SAS d\u2019architecture au capital de 865.900 \u20ac, domicili\u00e9e au 10 rue LACUEE 75012 PARIS et dont le num\u00e9ro de t\u00e9l\u00e9phone est le 01.43.45.18.00 et l\u2019adresse de courrier \u00e9lectronique est as@architecturestudio.fr. La soci\u00e9t\u00e9 ARCHITECTURE STUDIO est inscrite \u00e0 l\u2019Ordre des Architectes (France) sous le [&hellip;]","og_url":"https:\/\/architecturestudio.fr\/en\/legal-notice\/","og_site_name":"Architecturestudio","article_modified_time":"2025-02-18T15:41:31+00:00","twitter_card":"summary_large_image","twitter_misc":{"Est. reading time":"3 minutes"},"schema":{"@context":"https:\/\/schema.org","@graph":[{"@type":"WebPage","@id":"https:\/\/architecturestudio.fr\/en\/legal-notice\/","url":"https:\/\/architecturestudio.fr\/en\/legal-notice\/","name":"Legal Notice - Architecturestudio","isPartOf":{"@id":"https:\/\/architecturestudio.fr\/#website"},"datePublished":"2021-07-26T12:59:15+00:00","dateModified":"2025-02-18T15:41:31+00:00","breadcrumb":{"@id":"https:\/\/architecturestudio.fr\/en\/legal-notice\/#breadcrumb"},"inLanguage":"en-US","potentialAction":[{"@type":"ReadAction","target":["https:\/\/architecturestudio.fr\/en\/legal-notice\/"]}]},{"@type":"BreadcrumbList","@id":"https:\/\/architecturestudio.fr\/en\/legal-notice\/#breadcrumb","itemListElement":[{"@type":"ListItem","position":1,"name":"Accueil","item":"https:\/\/architecturestudio.fr\/en\/"},{"@type":"ListItem","position":2,"name":"Legal Notice"}]},{"@type":"WebSite","@id":"https:\/\/architecturestudio.fr\/#website","url":"https:\/\/architecturestudio.fr\/","name":"Architecturestudio","description":"Architecturestudio, est une agence internationale d\u2019architecture, d\u2019urbanisme et de design d\u2019int\u00e9rieur cr\u00e9\u00e9e en 1973, implant\u00e9e \u00e0 Paris, Shanghai et Zug[:en]Architecturestudio, is an international practice in architecture, urban planning and interior design, founded in 1973, and with offices in Paris, Shanghai and Zug","potentialAction":[{"@type":"SearchAction","target":{"@type":"EntryPoint","urlTemplate":"https:\/\/architecturestudio.fr\/?s={search_term_string}"},"query-input":{"@type":"PropertyValueSpecification","valueRequired":true,"valueName":"search_term_string"}}],"inLanguage":"en-US"}]}},"_links":{"self":[{"href":"https:\/\/architecturestudio.fr\/en\/wp-json\/wp\/v2\/pages\/8003","targetHints":{"allow":["GET"]}}],"collection":[{"href":"https:\/\/architecturestudio.fr\/en\/wp-json\/wp\/v2\/pages"}],"about":[{"href":"https:\/\/architecturestudio.fr\/en\/wp-json\/wp\/v2\/types\/page"}],"author":[{"embeddable":true,"href":"https:\/\/architecturestudio.fr\/en\/wp-json\/wp\/v2\/users\/1"}],"replies":[{"embeddable":true,"href":"https:\/\/architecturestudio.fr\/en\/wp-json\/wp\/v2\/comments?post=8003"}],"version-history":[{"count":1,"href":"https:\/\/architecturestudio.fr\/en\/wp-json\/wp\/v2\/pages\/8003\/revisions"}],"predecessor-version":[{"id":12483,"href":"https:\/\/architecturestudio.fr\/en\/wp-json\/wp\/v2\/pages\/8003\/revisions\/12483"}],"wp:attachment":[{"href":"https:\/\/architecturestudio.fr\/en\/wp-json\/wp\/v2\/media?parent=8003"}],"curies":[{"name":"wp","href":"https:\/\/api.w.org\/{rel}","templated":true}]}}